{"id":24,"date":"2017-10-09T13:16:09","date_gmt":"2017-10-09T11:16:09","guid":{"rendered":"http:\/\/hamburg.socialnetworx.de\/nesselhauf\/?page_id=24"},"modified":"2018-06-11T14:59:37","modified_gmt":"2018-06-11T12:59:37","slug":"impressum","status":"publish","type":"page","link":"https:\/\/www.nesselhauf.com\/de_DE\/impressum\/","title":{"rendered":"Impressum"},"content":{"rendered":"<p>Nesselhauf Rechtsanw\u00e4lte<br \/>Alsterchaussee 40<br \/>20149 Hamburg<\/p>\n<p>Tel.: +49 40 411 88 123<br \/>Fax.: +49 40 411 88 149<br \/>E-mail: <a href=\"mailto:info@nesselhauf.com\">info@nesselhauf.com<\/a><\/p>\n<p>Die Rechtsanw\u00e4lte sind in der Bundesrepublik Deutschland zugelassen. Die Aufsichtsbeh\u00f6rde und zust\u00e4ndige Kammer ist die Hanseatische Rechtsanwaltskammer,\u00a0Valentinskamp 88,\u00a020355 Hamburg<\/p>\n<p>Ma\u00dfgebliche berufsrechtliche Regelungen sind die Bundesrechtsanwaltsordnung, die Berufsordnung f\u00fcr Rechtsanw\u00e4lte, die Fachanwaltsordnung, das Rechtsanwaltsverg\u00fctungsgesetz, die Bundesgeb\u00fchrenordnung f\u00fcr Rechtsanw\u00e4lte und die Berufsregeln der Rechtsanw\u00e4lte der Europ\u00e4ischen Gemeinschaft (abrufbar bei der Bundesrechtsanwaltskammer unter brak.de, Stichwort: \u201eBerufsrecht\u201d).<\/p>\n<p>Es besteht f\u00fcr alle in der Kanzlei t\u00e4tigen Rechtsanw\u00e4lte eine Berufshaftpflichtversicherung bei der\u00a0AXA Versicherung AG (Colonia &#8211; Allee 10-20, 51067 K\u00f6ln)\u00a0mit Geltung im gesamten\u00a0EU-Gebiet und den Staaten des Abkommens \u00fcber den Europ\u00e4ischen Wirtschaftsraum.<\/p>\n<p>Online-Streitbeilegung gem\u00e4\u00df Art. 14 Abs. 1 ODR-VO: Plattform der EU zur au\u00dfergerichtlichen Online Streitbeilegung <a href=\"http:\/\/ec.europa.eu\/consumers\/odr\/\">http:\/\/ec.europa.eu\/consumers\/odr\/<\/a><\/p>\n<p>Au\u00dfergerichtliche Streitschlichtung durch die Rechtsanwaltskammer Hamburg gem\u00e4\u00df \u00a7\u00a073 Abs.\u00a02 Nr.\u00a03 u. Abs.\u00a05 BRAO oder die Schlichtungsstelle der Rechtsanwaltschaft bei der Bundesrechtsanwaltskammer gem\u00e4\u00df \u00a7\u00a0191f BRAO; Zugang zum jeweiligen Verfahren und den n\u00e4heren Informationen \u00fcber seine Voraussetzungen bei den genannten Kammern<\/p>\n","protected":false},"excerpt":{"rendered":"<p>Nesselhauf Rechtsanw\u00e4lte<br \/>Alsterchaussee 40<br \/>20149 Hamburg<\/p>\n<p>Tel.: +49 40 411 88 123<br \/>Fax.: +49 40 411 88 149<br \/>E-mail: <a href=\"mailto:info@nesselhauf.com\">info@nesselhauf.com<\/a><\/p>\n<p>Die Rechtsanw\u00e4lte sind in der Bundesrepub&#8230;<\/p>\n","protected":false},"author":1,"featured_media":0,"parent":0,"menu_order":99,"comment_status":"closed","ping_status":"closed","template":"","meta":[],"acf":[],"_links":{"self":[{"href":"https:\/\/www.nesselhauf.com\/de_DE\/wp-json\/wp\/v2\/pages\/24"}],"collection":[{"href":"https:\/\/www.nesselhauf.com\/de_DE\/wp-json\/wp\/v2\/pages"}],"about":[{"href":"https:\/\/www.nesselhauf.com\/de_DE\/wp-json\/wp\/v2\/types\/page"}],"author":[{"embeddable":true,"href":"https:\/\/www.nesselhauf.com\/de_DE\/wp-json\/wp\/v2\/users\/1"}],"replies":[{"embeddable":true,"href":"https:\/\/www.nesselhauf.com\/de_DE\/wp-json\/wp\/v2\/comments?post=24"}],"version-history":[{"count":14,"href":"https:\/\/www.nesselhauf.com\/de_DE\/wp-json\/wp\/v2\/pages\/24\/revisions"}],"predecessor-version":[{"id":566,"href":"https:\/\/www.nesselhauf.com\/de_DE\/wp-json\/wp\/v2\/pages\/24\/revisions\/566"}],"wp:attachment":[{"href":"https:\/\/www.nesselhauf.com\/de_DE\/wp-json\/wp\/v2\/media?parent=24"}],"curies":[{"name":"wp","href":"https:\/\/api.w.org\/{rel}","templated":true}]}}