{"id":30,"date":"2017-10-09T13:19:46","date_gmt":"2017-10-09T11:19:46","guid":{"rendered":"http:\/\/hamburg.socialnetworx.de\/nesselhauf\/?page_id=30"},"modified":"2018-02-02T12:46:15","modified_gmt":"2018-02-02T11:46:15","slug":"dr-volker-knies","status":"publish","type":"page","link":"https:\/\/www.nesselhauf.com\/de_DE\/rechtsanwaelte\/dr-volker-knies\/","title":{"rendered":"Dr. Volker Knies"},"content":{"rendered":"<table>\n<tbody>\n<tr>\n<td>University education:<\/td>\n<td>Universit\u00e4ten Kiel und Hamburg<\/td>\n<\/tr>\n<tr>\n<td>Languages:<\/td>\n<td>Englisch<\/td>\n<\/tr>\n<tr>\n<td>Areas of practice:<\/td>\n<td><a href=\"http:\/\/hamburg.socialnetworx.de\/nesselhauf\/en_US\/taetigkeitsfelder\/gewerblicher-rechtsschutz\/\">Gewerblicher Rechtsschutz<\/a>, <a href=\"http:\/\/hamburg.socialnetworx.de\/nesselhauf\/en_US\/taetigkeitsfelder\/urheberrecht\/\">Urheberrecht<\/a><\/td>\n<\/tr>\n<tr>\n<td>E-Mail:<\/td>\n<td><a href=\"mailto:knies@nesselhauf.com\">knies@nesselhauf.com<\/a><\/td>\n<\/tr>\n<\/tbody>\n<\/table>\n<p>Dr. Volker Knies ist Gr\u00fcndungspartner von NESSELHAUF Rechtsanw\u00e4lte. Er ist spezialisiert auf Markenrecht, Wettbewerbsrecht, Urheberrecht, Geschmacksmusterrecht, Patentrecht und Lizenzvertr\u00e4ge. Dr. Volker Knies ber\u00e4t und betreut das Marken-Portfolio einer Vielzahl von nationalen und internationalen Mandanten. Weiterer Schwerpunkt der T\u00e4tigkeit von Dr. Volker Knies ist die Beratung bei Lizenzvertr\u00e4gen sowie die au\u00dfergerichtliche und gerichtliche Durchsetzung und Verteidigung bei Schutzrechtsverletzungen und Wettbewerbsstreitigkeiten.<\/p>\n<p>Dr. Volker Knies ist Mitglied der GRUR (Deutsche Vereinigung f\u00fcr gewerblichen Rechtsschutz und Urheberrecht) sowie der INTA (International Trademark Association). Er wird von &#8222;LeadersinLaw&#8220; als Rechtsanwalt f\u00fcr Markenrecht in Deutschland empfohlen und wurde von &#8222;AI Global&#8220; im Jahr 2017 als &#8222;Leading Intellectual Property Practitioner of the Year \u2013 Germany&#8220; ausgezeichnet. Das von Dr. Volker Knies geleitete Dezernat wurde von &#8222;Corporate INTL&#8220; als &#8222;Trademark Law Firm of the Year in Germany&#8220; in 2015 und 2017 gew\u00e4hlt und wurde &#8222;Practitioner of the Year for Intellectual Property in Germany 2016 (Acquisition International Awards 2016)&#8220;. Im Rahmen seiner Ausbildung hat Dr. Volker Knies bei einer Anwaltskanzlei in Sydney, Australien gearbeitet.<\/p>\n","protected":false},"excerpt":{"rendered":"<table>\n<tbody>\n<tr>\n<td>University education:<\/td>\n<td>Universit\u00e4ten Kiel und Hamburg<\/td>\n<\/tr>\n<tr>\n<td>Languages:<\/td>\n<td>Englisch<\/td>\n<\/tr>\n<tr>\n<td>Areas of practice:<\/td>\n<td><a href=\"http:\/\/hamburg.socialnetworx.de\/nesselhauf\/en_US\/taetigkeitsfelder\/ge...\n<\/p>\n","protected":false},"author":1,"featured_media":310,"parent":18,"menu_order":2,"comment_status":"closed","ping_status":"closed","template":"page-rechtsanwealte-profil.php","meta":[],"acf":[],"_links":{"self":[{"href":"https:\/\/www.nesselhauf.com\/de_DE\/wp-json\/wp\/v2\/pages\/30"}],"collection":[{"href":"https:\/\/www.nesselhauf.com\/de_DE\/wp-json\/wp\/v2\/pages"}],"about":[{"href":"https:\/\/www.nesselhauf.com\/de_DE\/wp-json\/wp\/v2\/types\/page"}],"author":[{"embeddable":true,"href":"https:\/\/www.nesselhauf.com\/de_DE\/wp-json\/wp\/v2\/users\/1"}],"replies":[{"embeddable":true,"href":"https:\/\/www.nesselhauf.com\/de_DE\/wp-json\/wp\/v2\/comments?post=30"}],"version-history":[{"count":19,"href":"https:\/\/www.nesselhauf.com\/de_DE\/wp-json\/wp\/v2\/pages\/30\/revisions"}],"predecessor-version":[{"id":528,"href":"https:\/\/www.nesselhauf.com\/de_DE\/wp-json\/wp\/v2\/pages\/30\/revisions\/528"}],"up":[{"embeddable":true,"href":"https:\/\/www.nesselhauf.com\/de_DE\/wp-json\/wp\/v2\/pages\/18"}],"wp:featuredmedia":[{"embeddable":true,"href":"https:\/\/www.nesselhauf.com\/de_DE\/wp-json\/wp\/v2\/media\/310"}],"wp:attachment":[{"href":"https:\/\/www.nesselhauf.com\/de_DE\/wp-json\/wp\/v2\/media?parent=30"}],"curies":[{"name":"wp","href":"https:\/\/api.w.org\/{rel}","templated":true}]}}