{"id":34,"date":"2017-10-09T13:20:25","date_gmt":"2017-10-09T11:20:25","guid":{"rendered":"http:\/\/hamburg.socialnetworx.de\/nesselhauf\/?page_id=34"},"modified":"2020-10-29T13:58:03","modified_gmt":"2020-10-29T12:58:03","slug":"dr-stephanie-vendt","status":"publish","type":"page","link":"https:\/\/www.nesselhauf.com\/de_DE\/rechtsanwaelte\/dr-stephanie-vendt\/","title":{"rendered":"Dr. Stephanie Vendt"},"content":{"rendered":"<p class=\"fachanwalt\">Fachanw\u00e4ltin f\u00fcr Urheber- und Medienrecht<\/p>\n<table>\n<tbody>\n<tr>\n<td>Studium:<\/td>\n<td>Universit\u00e4t Hamburg<\/td>\n<\/tr>\n<tr>\n<td>Fremdsprachen:<\/td>\n<td>Englisch<\/td>\n<\/tr>\n<tr>\n<td>Rechtsgebiete:<\/td>\n<td>Medien- und Presserecht,Urheberrecht,<br \/>Verlagsrecht, Sportrecht, Lizenzvertr\u00e4ge, Filmrecht<\/td>\n<\/tr>\n<tr>\n<td>E-Mail:<\/td>\n<td><a href=\"mailto:vendt@nesselhauf.com\">vendt@nesselhauf.com<\/a><\/td>\n<\/tr>\n<\/tbody>\n<\/table>\n<p>Dr. Stephanie Vendt ist Gr\u00fcndungspartnerin von NESSELHAUF Rechtsanw\u00e4lte.<\/p>\n<p>Sie ist spezialisiert auf Presse- und Verlagsrecht, Urheberrecht und Sportrecht. Im Presse- und Verlagsrecht vertritt sie von Ver\u00f6ffentlichungen betroffene Unternehmen und Privatpersonen sowie Verlage. Schwerpunkte ihrer T\u00e4tigkeit sind die Beratung im Vorfeld von Ver\u00f6ffentlichungen und die Prozessvertretung; au\u00dferdem ber\u00e4t Dr. Stephanie Vendt Athleten und Vereine auf den Gebieten des Sportrechts.<\/p>\n<p>Dr. Stephanie Vendt ist unter anderem Mitglied im Fachausschuss Urheber- und Medienrecht der Rechtsanwaltskammer in Hamburg. Sie ist dar\u00fcber hinaus Dozentin an der Akademie f\u00fcr Publizistik, Hamburg, und Autorin der Kapitel \u201eBesonderer Pers\u00f6nlichkeitsschutz\u201c, \u201eNamensschutz\u201c, \u201eSchutz des gesprochenen Wortes\u201c und \u201eUnternehmensschutz\u201c im \u201eHamburger Kommentar f\u00fcr das gesamte Medienrecht\u201c.<\/p>\n","protected":false},"excerpt":{"rendered":"<p class=\"fachanwalt\">Fachanw\u00e4ltin f\u00fcr Urheber- und Medienrecht<\/p>\n<table>\n<tbody>\n<tr>\n<td>Studium:<\/td>\n<td>Universit\u00e4t Hamburg<\/td>\n<\/tr>\n<tr>\n<td>Fremdsprachen:<\/td>\n<td>Englisch<\/td>\n<\/tr>\n<tr>\n<td>Rechtsgebiete:<\/td>\n<td>Medien- und Presserecht,Urheberrech&#8230;<\/p>\n","protected":false},"author":1,"featured_media":318,"parent":18,"menu_order":4,"comment_status":"closed","ping_status":"closed","template":"page-rechtsanwealte-profil.php","meta":[],"acf":[],"_links":{"self":[{"href":"https:\/\/www.nesselhauf.com\/de_DE\/wp-json\/wp\/v2\/pages\/34"}],"collection":[{"href":"https:\/\/www.nesselhauf.com\/de_DE\/wp-json\/wp\/v2\/pages"}],"about":[{"href":"https:\/\/www.nesselhauf.com\/de_DE\/wp-json\/wp\/v2\/types\/page"}],"author":[{"embeddable":true,"href":"https:\/\/www.nesselhauf.com\/de_DE\/wp-json\/wp\/v2\/users\/1"}],"replies":[{"embeddable":true,"href":"https:\/\/www.nesselhauf.com\/de_DE\/wp-json\/wp\/v2\/comments?post=34"}],"version-history":[{"count":20,"href":"https:\/\/www.nesselhauf.com\/de_DE\/wp-json\/wp\/v2\/pages\/34\/revisions"}],"predecessor-version":[{"id":627,"href":"https:\/\/www.nesselhauf.com\/de_DE\/wp-json\/wp\/v2\/pages\/34\/revisions\/627"}],"up":[{"embeddable":true,"href":"https:\/\/www.nesselhauf.com\/de_DE\/wp-json\/wp\/v2\/pages\/18"}],"wp:featuredmedia":[{"embeddable":true,"href":"https:\/\/www.nesselhauf.com\/de_DE\/wp-json\/wp\/v2\/media\/318"}],"wp:attachment":[{"href":"https:\/\/www.nesselhauf.com\/de_DE\/wp-json\/wp\/v2\/media?parent=34"}],"curies":[{"name":"wp","href":"https:\/\/api.w.org\/{rel}","templated":true}]}}