{"id":36,"date":"2017-10-09T13:21:05","date_gmt":"2017-10-09T11:21:05","guid":{"rendered":"http:\/\/hamburg.socialnetworx.de\/nesselhauf\/?page_id=36"},"modified":"2019-08-07T16:50:48","modified_gmt":"2019-08-07T14:50:48","slug":"sidonie-von-wedel","status":"publish","type":"page","link":"https:\/\/www.nesselhauf.com\/de_DE\/rechtsanwaelte\/sidonie-von-wedel\/","title":{"rendered":"Sidonie von Wedel"},"content":{"rendered":"<table>\n<tbody>\n<tr>\n<td>Studium:<\/td>\n<td>Universit\u00e4ten K\u00f6ln und M\u00fcnchen<\/td>\n<\/tr>\n<tr>\n<td>Fremdsprachen:<\/td>\n<td>Englisch<\/td>\n<\/tr>\n<tr>\n<td>Rechtsgebiete:<\/td>\n<td>Urheberrecht, Verlagsrecht,<br \/>\nMedienbezogenes Arbeitsrecht, Lizenzvertr\u00e4ge<\/td>\n<\/tr>\n<tr>\n<td>E-Mail:<\/td>\n<td><a href=\"mailto:vonwedel@nesselhauf.com\">vonwedel@nesselhauf.com<\/a><\/td>\n<\/tr>\n<\/tbody>\n<\/table>\n<p>Sidonie von Wedel ist seit 1991 als Rechtsanw\u00e4ltin t\u00e4tig. Von Beginn an konzentrierte sich ihre T\u00e4tigkeit auf die Medienbranche. Sie ist spezialisiert auf Urheber- und Verlagsrecht, Recht der digitalen Medien, Film- und Fernsehrecht, Fotorecht, Lizenzrecht, Medienrecht sowie individual- und kollektivarbeitsrechtliche Angelegenheiten von Medienunternehmen und deren Arbeitnehmer.<\/p>\n<p>Sidonie von Wedel ist Mitglied der GRUR (Deutsche Vereinigung f\u00fcr gewerblichen Rechtsschutz und Urheberrecht).<\/p>\n","protected":false},"excerpt":{"rendered":"<table>\n<tbody>\n<tr>\n<td>Studium:<\/td>\n<td>Universit\u00e4ten K\u00f6ln und M\u00fcnchen<\/td>\n<\/tr>\n<tr>\n<td>Fremdsprachen:<\/td>\n<td>Englisch<\/td>\n<\/tr>\n<tr>\n<td>Rechtsgebiete:<\/td>\n<td>Urheberrecht, Verlagsrecht,<br \/>\nMedienbezogenes Arbeitsrecht, Lizenzve&#8230;<\/p>\n","protected":false},"author":1,"featured_media":319,"parent":18,"menu_order":5,"comment_status":"closed","ping_status":"closed","template":"page-rechtsanwealte-profil.php","meta":[],"acf":[],"_links":{"self":[{"href":"https:\/\/www.nesselhauf.com\/de_DE\/wp-json\/wp\/v2\/pages\/36"}],"collection":[{"href":"https:\/\/www.nesselhauf.com\/de_DE\/wp-json\/wp\/v2\/pages"}],"about":[{"href":"https:\/\/www.nesselhauf.com\/de_DE\/wp-json\/wp\/v2\/types\/page"}],"author":[{"embeddable":true,"href":"https:\/\/www.nesselhauf.com\/de_DE\/wp-json\/wp\/v2\/users\/1"}],"replies":[{"embeddable":true,"href":"https:\/\/www.nesselhauf.com\/de_DE\/wp-json\/wp\/v2\/comments?post=36"}],"version-history":[{"count":13,"href":"https:\/\/www.nesselhauf.com\/de_DE\/wp-json\/wp\/v2\/pages\/36\/revisions"}],"predecessor-version":[{"id":603,"href":"https:\/\/www.nesselhauf.com\/de_DE\/wp-json\/wp\/v2\/pages\/36\/revisions\/603"}],"up":[{"embeddable":true,"href":"https:\/\/www.nesselhauf.com\/de_DE\/wp-json\/wp\/v2\/pages\/18"}],"wp:featuredmedia":[{"embeddable":true,"href":"https:\/\/www.nesselhauf.com\/de_DE\/wp-json\/wp\/v2\/media\/319"}],"wp:attachment":[{"href":"https:\/\/www.nesselhauf.com\/de_DE\/wp-json\/wp\/v2\/media?parent=36"}],"curies":[{"name":"wp","href":"https:\/\/api.w.org\/{rel}","templated":true}]}}