{"id":38,"date":"2017-10-09T13:21:35","date_gmt":"2017-10-09T11:21:35","guid":{"rendered":"http:\/\/hamburg.socialnetworx.de\/nesselhauf\/?page_id=38"},"modified":"2019-08-07T16:55:35","modified_gmt":"2019-08-07T14:55:35","slug":"dr-till-dunckel","status":"publish","type":"page","link":"https:\/\/www.nesselhauf.com\/de_DE\/rechtsanwaelte\/dr-till-dunckel\/","title":{"rendered":"Dr. Till Dunckel"},"content":{"rendered":"<p class=\"fachanwalt\">Fachanwalt f\u00fcr Urheber- und Medienrecht<\/p>\n<table>\n<tbody>\n<tr>\n<td>Studium:<\/td>\n<td>Universit\u00e4ten Hamburg und Lausanne<\/td>\n<\/tr>\n<tr>\n<td>Fremdsprachen:<\/td>\n<td>Englisch<\/td>\n<\/tr>\n<tr>\n<td>Rechtsgebiete:<\/td>\n<td>Medien- und Presserecht,Urheberrecht,Verlagsrecht,<br \/>\nSportrecht, Lizenzvertr\u00e4ge, Filmrecht<\/td>\n<\/tr>\n<tr>\n<td>E-Mail:<\/td>\n<td><a href=\"mailto:dunckel@nesselhauf.com\">dunckel@nesselhauf.com<\/a><\/td>\n<\/tr>\n<\/tbody>\n<\/table>\n<p>Dr. Till Dunckel ist Partner von NESSELHAUF Rechtsanw\u00e4lte.<\/p>\n<p>Er ber\u00e4t Unternehmen, Privatpersonen sowie deren PR-Berater beim Schutz vor Medienkrisen, Unwahrheiten oder Privatsph\u00e4renverletzungen und hilft ihnen bei der Durchsetzung ihrer Rechte gegen\u00fcber Medienunternehmen, Journalisten und anderen Verbreitern.<\/p>\n<p>Dar\u00fcber hinaus ber\u00e4t Dr. Till Dunckel Produzenten, Verlage, Kreative und Agenturen in medienrechtlichen Fragen, begleitet sie bei Vertragsverhandlungen und unterst\u00fctzt sie bei der L\u00f6sung von Konfliktsituationen.<\/p>\n<p>Dr. Till Dunckel ist Vorstandsmitglied der Hanseatischen Rechtsanwaltskammer Hamburg sowie Mitglied im gesch\u00e4ftsf\u00fchrenden Ausschuss der Arbeitsgemeinschaft Geistiges Eigentum &amp; Medien (AGEM) im Deutschen Anwaltsverein und Dozent an der Akademie f\u00fcr Publizistik, Hamburg.<\/p>\n","protected":false},"excerpt":{"rendered":"<p class=\"fachanwalt\">Fachanwalt f\u00fcr Urheber- und Medienrecht<\/p>\n<table>\n<tbody>\n<tr>\n<td>Studium:<\/td>\n<td>Universit\u00e4ten Hamburg und Lausanne<\/td>\n<\/tr>\n<tr>\n<td>Fremdsprachen:<\/td>\n<td>Englisch<\/td>\n<\/tr>\n<tr>\n<td>Rechtsgebiete:<\/td>\n<td>Medien- &#8230;<\/p>\n","protected":false},"author":1,"featured_media":308,"parent":18,"menu_order":6,"comment_status":"closed","ping_status":"closed","template":"page-rechtsanwealte-profil.php","meta":[],"acf":[],"_links":{"self":[{"href":"https:\/\/www.nesselhauf.com\/de_DE\/wp-json\/wp\/v2\/pages\/38"}],"collection":[{"href":"https:\/\/www.nesselhauf.com\/de_DE\/wp-json\/wp\/v2\/pages"}],"about":[{"href":"https:\/\/www.nesselhauf.com\/de_DE\/wp-json\/wp\/v2\/types\/page"}],"author":[{"embeddable":true,"href":"https:\/\/www.nesselhauf.com\/de_DE\/wp-json\/wp\/v2\/users\/1"}],"replies":[{"embeddable":true,"href":"https:\/\/www.nesselhauf.com\/de_DE\/wp-json\/wp\/v2\/comments?post=38"}],"version-history":[{"count":13,"href":"https:\/\/www.nesselhauf.com\/de_DE\/wp-json\/wp\/v2\/pages\/38\/revisions"}],"predecessor-version":[{"id":634,"href":"https:\/\/www.nesselhauf.com\/de_DE\/wp-json\/wp\/v2\/pages\/38\/revisions\/634"}],"up":[{"embeddable":true,"href":"https:\/\/www.nesselhauf.com\/de_DE\/wp-json\/wp\/v2\/pages\/18"}],"wp:featuredmedia":[{"embeddable":true,"href":"https:\/\/www.nesselhauf.com\/de_DE\/wp-json\/wp\/v2\/media\/308"}],"wp:attachment":[{"href":"https:\/\/www.nesselhauf.com\/de_DE\/wp-json\/wp\/v2\/media?parent=38"}],"curies":[{"name":"wp","href":"https:\/\/api.w.org\/{rel}","templated":true}]}}