{"id":44,"date":"2017-10-09T13:24:09","date_gmt":"2017-10-09T11:24:09","guid":{"rendered":"http:\/\/hamburg.socialnetworx.de\/nesselhauf\/?page_id=44"},"modified":"2023-02-02T16:06:23","modified_gmt":"2023-02-02T15:06:23","slug":"sebastian-carl-schmidt","status":"publish","type":"page","link":"https:\/\/www.nesselhauf.com\/de_DE\/rechtsanwaelte\/sebastian-carl-schmidt\/","title":{"rendered":"Sebastian Carl Schmidt"},"content":{"rendered":"<p><strong>Fachanwalt f\u00fcr gewerblichen Rechtsschutz<\/strong><\/p>\n<table>\n<tbody>\n<tr>\n<td>Studium:<\/td>\n<td>Universit\u00e4t M\u00fcnster<\/td>\n<\/tr>\n<tr>\n<td>Fremdsprachen:<\/td>\n<td>Englisch<\/td>\n<\/tr>\n<tr>\n<td>Rechtsgebiete:<\/td>\n<td>IP\/IT\/Commercial<\/td>\n<\/tr>\n<tr>\n<td>E-Mail:<\/td>\n<td><a href=\"mailto:schmidt@nesselhauf.com\">schmidt@nesselhauf.com<\/a><\/td>\n<\/tr>\n<\/tbody>\n<\/table>\n<p>Sebastian Carl Schmidt ist Salary Partner bei NESSELHAUF Rechtsanw\u00e4lte. Sebastian Carl Schmidt ist spezialisiert auf Markenrecht, Designrecht, Wettbewerbsrecht, Patentrecht, Urheberrecht und Arbeitnehmererfindungsrecht. Er hat im gewerblichen Rechtsschutz zahlreiche Verfahren gef\u00fchrt und ber\u00e4t umfassend bei der Vertragsgestaltung in diesem Bereich (z. B. Lizenzvertr\u00e4ge, Abgrenzungsvereinbarungen, Know-How-Vertr\u00e4ge und Geheimhaltungsvereinbarungen). Ein besonderer T\u00e4tigkeitsschwerpunkt von Sebastian Carl Schmidt ist die juristische Begleitung von E-Commerce-Aktivit\u00e4ten einschlie\u00dflich der Erstellung von individuellen Rechtstexten wie Allgemeinen Gesch\u00e4ftsbedingungen und Datenschutzhinweisen.<\/p>\n<p>Als ehemaliger Leiter der Rechtsabteilung eines international t\u00e4tigen Medizintechnikunternehmens bringt Sebastian Carl Schmidt zudem seine Industrieerfahrung in die pragmatische Beratung im Medizinprodukterecht, im allgemeinen Produktsicherheitsrecht und Produkthaftungsrecht, im Vertriebsrecht, zu Fragen der Healthcare-Compliance und im Heilmittelwerberecht ein.<\/p>\n<p>Sebastian Carl Schmidt ist Mitglied der GRUR (Deutsche Vereinigung f\u00fcr gewerblichen Rechtsschutz und Urheberrecht) und der ECTA (European Communities Trade Mark Association).<\/p>\n<p><strong><i>Ver\u00f6ffentlichungen<\/i><\/strong><\/p>\n<ul>\n<li><a href=\"https:\/\/www.nesselhauf.com\/wp-content\/uploads\/2020\/06\/Beitrag_Schmidt_WRP_06_20.pdf\"><em>Das neue europ\u00e4ische Medizinprodukterecht und das deutsche <\/em><em>Lauterkeitsrecht (erschienen in WRP 6, 2020)<\/em><\/a><\/li>\n<\/ul>\n","protected":false},"excerpt":{"rendered":"<p><strong>Fachanwalt f\u00fcr gewerblichen Rechtsschutz<\/strong><\/p>\n<table>\n<tbody>\n<tr>\n<td>Studium:<\/td>\n<td>Universit\u00e4t M\u00fcnster<\/td>\n<\/tr>\n<tr>\n<td>Fremdsprachen:<\/td>\n<td>Englisch<\/td>\n<\/tr>\n<tr>\n<td>Rechtsgebiete:<\/td>\n<td>IP\/IT\/Commercial<\/td>\n<\/tr>\n<tr>\n<td>E-Ma&#8230;<\/p>\n","protected":false},"author":1,"featured_media":580,"parent":18,"menu_order":9,"comment_status":"closed","ping_status":"closed","template":"page-rechtsanwealte-profil.php","meta":[],"acf":[],"_links":{"self":[{"href":"https:\/\/www.nesselhauf.com\/de_DE\/wp-json\/wp\/v2\/pages\/44"}],"collection":[{"href":"https:\/\/www.nesselhauf.com\/de_DE\/wp-json\/wp\/v2\/pages"}],"about":[{"href":"https:\/\/www.nesselhauf.com\/de_DE\/wp-json\/wp\/v2\/types\/page"}],"author":[{"embeddable":true,"href":"https:\/\/www.nesselhauf.com\/de_DE\/wp-json\/wp\/v2\/users\/1"}],"replies":[{"embeddable":true,"href":"https:\/\/www.nesselhauf.com\/de_DE\/wp-json\/wp\/v2\/comments?post=44"}],"version-history":[{"count":46,"href":"https:\/\/www.nesselhauf.com\/de_DE\/wp-json\/wp\/v2\/pages\/44\/revisions"}],"predecessor-version":[{"id":655,"href":"https:\/\/www.nesselhauf.com\/de_DE\/wp-json\/wp\/v2\/pages\/44\/revisions\/655"}],"up":[{"embeddable":true,"href":"https:\/\/www.nesselhauf.com\/de_DE\/wp-json\/wp\/v2\/pages\/18"}],"wp:featuredmedia":[{"embeddable":true,"href":"https:\/\/www.nesselhauf.com\/de_DE\/wp-json\/wp\/v2\/media\/580"}],"wp:attachment":[{"href":"https:\/\/www.nesselhauf.com\/de_DE\/wp-json\/wp\/v2\/media?parent=44"}],"curies":[{"name":"wp","href":"https:\/\/api.w.org\/{rel}","templated":true}]}}