{"id":543,"date":"2018-02-05T11:33:13","date_gmt":"2018-02-05T10:33:13","guid":{"rendered":"http:\/\/www.nesselhauf.com\/?page_id=543"},"modified":"2018-06-06T11:45:21","modified_gmt":"2018-06-06T09:45:21","slug":"datenschutz","status":"publish","type":"page","link":"https:\/\/www.nesselhauf.com\/de_DE\/datenschutz\/","title":{"rendered":"Datenschutz"},"content":{"rendered":"<h2><strong>Datenschutzerkl\u00e4rung Nesselhauf Rechtsanw\u00e4lte<\/strong><\/h2>\n<p>Wir freuen uns \u00fcber Ihr Interesse an unserer Website www.nesselhauf.com. Hier k\u00f6nnen Sie mehr \u00fcber unsere T\u00e4tigkeitsschwerpunkte und unser Team erfahren. Im Folgenden informieren wir Sie \u00fcber die Nutzung Ihrer Daten, sofern Sie unsere Website besuchen und welche Rechte Ihnen im Hinblick auf die Nutzung zustehen. Sollten Sie Fragen bez\u00fcglich der Verwendung Ihrer pers\u00f6nlichen Daten durch uns haben, wenden Sie sich bitte an uns.<\/p>\n<p>Diese Datenschutzerkl\u00e4rung gilt f\u00fcr die Datenverarbeitung durch<\/p>\n<p>\u00a0<\/p>\n<h2><strong>Verantwortlicher und Datenschutzbeauftragter<\/strong><\/h2>\n<p>Nesselhauf Rechtsanw\u00e4lte<br \/>Alsterchaussee 40<br \/>20149 Hamburg<\/p>\n<p>Tel.: +49 40 411 88 123<br \/>Fax.: +49 40 411 88 149<br \/>e-mail: info@nesselhauf.com<\/p>\n<p>Unser Datenschutzbeauftragter ist unter der oben genannten Anschrift bzw. unter datenschutz@nesselhauf.com erreichbar.<\/p>\n<p>\u00a0<\/p>\n<h2><strong>Erhebung personenbezogener Daten bei der Nutzung unserer Website<\/strong><\/h2>\n<p>Wir erheben und verwenden personenbezogene Daten unserer Nutzer grunds\u00e4tzlich nur, soweit dies zur Bereitstellung einer funktionsf\u00e4higen Website sowie unserer Inhalte und Leistungen erforderlich ist.<\/p>\n<p>Beim Aufruf unserer Internetseite erfasst und speichert unser System automatisiert Daten und Informationen in so genannten Server-Log-Dateien, die Ihr Browser automatisch an uns \u00fcbermittelt. Die Arten der verarbeiteten Daten sind:<\/p>\n<ul>\n<li>Browsertyp und Browserversion<\/li>\n<li>Verwendetes Betriebssystem<\/li>\n<li>Referrer URL<\/li>\n<li>Hostname des zugreifenden Rechners<\/li>\n<li>Uhrzeit der Serveranfrage<\/li>\n<li>IP-Adresse.<\/li>\n<\/ul>\n<p>Eine Zusammenf\u00fchrung dieser Daten mit anderen Datenquellen wird nicht vorgenommen. Grundlage f\u00fcr die Datenverarbeitung ist Art. 6 Abs. 1 lit. f DSGVO, der die Verarbeitung von Daten zur Erf\u00fcllung eines Vertrags oder vorvertraglicher Ma\u00dfnahmen gestattet.<\/p>\n<p>\u00a0<\/p>\n<h2><strong>Erhebung personenbezogener Daten bei der Kontaktaufnahme<\/strong><\/h2>\n<p>Im Rahmen der Kontaktaufnahme mit uns teilen Sie uns personenbezogene Daten (E-Mail-Adresse, Name, Anrede, ggf. Telefonnummer oder Adresse) mit. Wenn Sie uns \u00fcber eine der angebotenen Kontaktm\u00f6glichkeiten (E-Mail, Telefon, Fax) eine Mitteilung zukommen lassen, verwenden wir Ihre uns mitgeteilten Daten f\u00fcr die Bearbeitung Ihrer Anfrage. Rechtsgrundlage hierf\u00fcr ist unser berechtigtes Interesse an der Beantwortung Ihres Anliegens gem\u00e4\u00df Art. 6 Abs. 1 lit. f DSGVO. Sofern Ihre Anfrage dem Abschluss eines Vertrages mit uns dient, bei dem Sie als Person Vertragspartei sind, ist weitere Rechtsgrundlage f\u00fcr die Verarbeitung Art. 6 Abs. 1 lit. b DSGVO. Die Daten werden nach Erledigung Ihrer Anfrage gel\u00f6scht. Sofern wir gesetzlich zu einer l\u00e4ngeren Speicherung verpflichtet sein sollten, erfolgt die L\u00f6schung nach Ablauf der entsprechenden Frist.<\/p>\n<p>\u00a0<\/p>\n<h2><strong>Erhebung personenbezogener Daten bei der Mandatierung<\/strong><\/h2>\n<p>Wenn Sie uns mandatieren, erheben wir folgende Informationen:<\/p>\n<ul>\n<li>Anrede, Vorname, Name<\/li>\n<li>eine g\u00fcltige E-Mail-Adresse,<\/li>\n<li>Anschrift,<\/li>\n<li>Telefonnummer (Festnetz und\/oder Mobil),<\/li>\n<li>Informationen, die f\u00fcr die Geltendmachung und\/oder Verteidigung Ihrer Rechte im Rahmen des Mandats notwendig sind.<\/li>\n<\/ul>\n<p>\u00a0<\/p>\n<p>Die Erhebung dieser Daten erfolgt,<\/p>\n<ul>\n<li>um Sie als Mandanten identifizieren zu k\u00f6nnen;<\/li>\n<li>um Sie angemessen anwaltlich beraten und vertreten zu k\u00f6nnen;<\/li>\n<li>zur Korrespondenz mit Ihnen;<\/li>\n<li>zur Rechnungsstellung;<\/li>\n<li>zur Abwicklung von eventuell vorliegenden Haftungsanspr\u00fcchen sowie der Geltendmachung etwaiger Anspr\u00fcche gegen Sie.<\/li>\n<\/ul>\n<p>Die Datenverarbeitung erfolgt auf Ihre Anfrage hin und ist nach Art. 6 Abs. 1 lit. b DSGVO zu den genannten Zwecken f\u00fcr die Bearbeitung des Mandats und f\u00fcr die beiderseitige Erf\u00fcllung von Verpflichtungen aus dem Mandatsvertrag erforderlich.<\/p>\n<p>\u00a0<\/p>\n<h2><strong>Erhebung personenbezogener Daten bei Bewerbungen und im Bewerbungsverfahren<\/strong><\/h2>\n<p><strong>\u00a0<\/strong>Wir erheben und verarbeiten die personenbezogenen Daten von Bewerbern zum Zwecke der Abwicklung des Bewerbungsverfahrens. Die Verarbeitung kann auch auf elektronischem Wege erfolgen. Dies ist insbesondere dann der Fall, wenn ein Bewerber entsprechende Bewerbungsunterlagen auf dem elektronischen Wege, beispielsweise per E-Mail \u00fcbermittelt. Schlie\u00dfen wir einen Anstellungsvertrag mit einem Bewerber, werden die \u00fcbermittelten Daten zum Zwecke der Abwicklung des Besch\u00e4ftigungsverh\u00e4ltnisses unter Beachtung der gesetzlichen Vorschriften gespeichert. Wird kein Anstellungsvertrag mit dem Bewerber geschlossen, so werden die Bewerbungsunterlagen nach Bekanntgabe der Ablehnungsentscheidung automatisch gel\u00f6scht, sofern einer L\u00f6schung keine sonstigen berechtigten Interessen des f\u00fcr die Verarbeitung Verantwortlichen entgegenstehen. Sonstiges berechtigtes Interesse in diesem Sinne ist beispielsweise eine Beweispflicht in einem Verfahren nach dem Allgemeinen Gleichbehandlungsgesetz (AGG).<\/p>\n<p>\u00a0<\/p>\n<h2><strong>Cookies<\/strong><\/h2>\n<p>Zur Verbesserung unserer Website setzen wir so genannte \u201eCookies\u201c ein. Bei Cookies handelt es sich um Textinformationsdateien, welche durch Ihren Web-Browser lokal auf Ihrem Endger\u00e4t abgespeichert werden, wenn Sie unsere Website aufrufen. Durch die Verwendung von Cookies k\u00f6nnen wir Ihnen nutzerfreundlichere Services bereitstellen, die ohne die Cookie-Setzung nicht oder nur eingeschr\u00e4nkt realisiert werden k\u00f6nnten. Der Einsatz von Cookies erfolgt auf Grundlage von Art.\u00a06 Abs.\u00a01 Satz\u00a01 lit.\u00a0f DS-GVO. Unser berechtigtes Interesse besteht insoweit an der Bereitstellung sowie Optimierung eines funktionsf\u00e4higen und komfortablen Online-Angebots.<\/p>\n<p>Wir nutzen Cookies daher auf Grundlage des Art. 6 Abs. 1 lit. f DSGVO.<\/p>\n<p>Es gibt die M\u00f6glichkeit f\u00fcr Sie, Ihren Browser so einzustellen, dass Sie \u00fcber das Setzen von Cookies informiert werden und einzeln \u00fcber deren Annahme entscheiden oder die Annahme von Cookies generell oder aber auch f\u00fcr bestimmte F\u00e4lle ausschlie\u00dfen. Sie sind nicht gesetzlich oder vertraglich dazu verpflichtet, Cookies auf dieser Webseite zuzulassen. Wir weisen allerdings darauf hin, dass bei dem Nichtzulassen von Cookies die Funktionalit\u00e4t der Website eingeschr\u00e4nkt sein kann.<\/p>\n<p>\u00a0<\/p>\n<h2><strong>Weitergabe an Dritte<\/strong><\/h2>\n<p><strong>\u00a0<\/strong>Eine \u00dcbermittlung Ihrer personenbezogenen Daten an Dritte zu anderen als den im Folgenden aufgef\u00fchrten Zwecken findet nicht statt.<\/p>\n<p>Wir geben Ihre personenbezogenen Daten nur an Dritte weiter, wenn:<\/p>\n<ul>\n<li>Sie nach Art. 6 Abs. 1 lit. a DSGVO Ihre ausdr\u00fcckliche Einwilligung dazu erteilt haben,<\/li>\n<li>die Weitergabe nach Art. 6 Abs. 1 lit. f DSGVO zur Geltendmachung, Aus\u00fcbung oder Verteidigung von Rechtsanspr\u00fcchen erforderlich ist und kein Grund zur Annahme besteht, dass Sie ein \u00fcberwiegendes schutzw\u00fcrdiges Interesse an der Nichtweitergabe Ihrer Daten haben,<\/li>\n<li>f\u00fcr den Fall, dass f\u00fcr die Weitergabe nach Art. 6 Abs. 1 lit. c DSGVO eine gesetzliche Verpflichtung besteht, sowie<\/li>\n<li>dies gesetzlich zul\u00e4ssig und nach Art. 6 Abs. 1 lit. b DSGVO f\u00fcr die Abwicklung von Vertragsverh\u00e4ltnissen mit Ihnen erforderlich ist.<\/li>\n<\/ul>\n<p>\u00a0<\/p>\n<h2><strong>Datenl\u00f6schung und Speicherdauer<\/strong><\/h2>\n<p>Die personenbezogenen Daten der betroffenen Person werden gel\u00f6scht oder gesperrt, sobald der Zweck der Speicherung entf\u00e4llt. Eine Speicherung kann dar\u00fcber hinaus erfolgen, wenn dies durch den europ\u00e4ischen oder nationalen Gesetzgeber in unionsrechtlichen Verordnungen, Gesetzen oder sonstigen Vorschriften, denen wir unterliegen, vorgesehen wurde. Eine Sperrung oder L\u00f6schung der Daten erfolgt auch dann, wenn eine durch die genannten Normen vorgeschriebene Speicherfrist abl\u00e4uft, es sei denn, dass eine Erforderlichkeit zur weiteren Speicherung der Daten f\u00fcr einen Vertragsabschluss oder eine Vertragserf\u00fcllung besteht.<\/p>\n<p>\u00a0<\/p>\n<h2><strong>Ihre Rechte<\/strong><\/h2>\n<p>Sie haben jederzeit das Recht, eine Auskunft zu erhalten, \u00fcber Ihre bei uns gespeicherten und von uns verarbeiteten Daten, die Verarbeitungszwecke, die Kategorien der verarbeiteten Daten, die Empf\u00e4nger oder Kategorien von Empf\u00e4ngern, an welche die Daten weitergegeben wurden oder werden, die geplante Speicherdauer bzw. die Kriterien f\u00fcr die Festlegung der Speicherdauer, das Bestehen eines Rechts auf Berichtigung, L\u00f6schung, Einschr\u00e4nkung der Verarbeitung, Widerspruch gegen die Verarbeitung, Beschwerde bei einer Aufsichtsbeh\u00f6rde, die Herkunft Ihrer Daten, wenn diese nicht bei uns erhoben wurden, das Bestehen einer automatisierten Entscheidungsfindung, einschlie\u00dflich Profiling und ggf. aussagekr\u00e4ftige Informationen \u00fcber die involvierte Logik und die Sie betreffende Tragweite und die angestrebten Auswirkungen einer solchen Verarbeitung, sowie Ihr Recht auf Unterrichtung, welche Garantien gem\u00e4\u00df Art. 46 DSGVO bei Weiterleitung Ihrer Daten in Drittl\u00e4nder bestehen (Art. 15 DSGVO).<\/p>\n<p>Dar\u00fcber hinaus haben Sie jederzeit die M\u00f6glichkeit, die uns zur Verf\u00fcgung gestellten pers\u00f6nlichen Daten zu \u00fcberpr\u00fcfen, zu \u00e4ndern oder zu l\u00f6schen, indem Sie uns eine E-Mail an die E-Mail-Adresse datenschutz@nesselhauf.com schicken (Art. 16 bis 18 DSGVO).<\/p>\n<p>Zudem haben Sie das Recht, dass wir Ihre Daten in solcher Form vorhalten, dass wir Sie auf Ihre Anfrage hin jemand anderes geb\u00fcndelt \u00fcbertragen k\u00f6nnen (\u201eRecht auf Datenportabilit\u00e4t\u201c) (Art. 19 DSGVO).<\/p>\n<p><strong>Wenn Sie uns eine Einwilligung zur Nutzung Ihrer Daten erteilt haben, k\u00f6nnen Sie diese jederzeit mit Wirkung f\u00fcr die Zukunft widerrufen. Die L\u00f6schung der gespeicherten Daten erfolgt, wenn Sie Ihre Einwilligung zur Speicherung widerrufen (Art. 7 Abs. 3 DSGVO).<\/strong><\/p>\n<p><strong>Au\u00dferdem steht Ihnen bei Vorliegen der gesetzlichen Voraussetzungen nach Art. 21 DSGVO ein Widerspruchsrecht gegen Datenverarbeitungen zu, die auf einem \u201eberechtigten Interesse\u201c des Verantwortlichen gem\u00e4\u00df Art. 6 Abs. 1 lit. f DSGVO beruhen oder die zur Direktwerbung erfolgen.<\/strong><\/p>\n<p>Ferner haben Sie das Recht auf Beschwerde bei einer Aufsichtsbeh\u00f6rde gem\u00e4\u00df Art. 77 DSGVO, wenn Sie der Ansicht sind, dass die Verarbeitung der Sie betreffenden personenbezogenen Daten gegen die DSGVO verst\u00f6\u00dft. Sie k\u00f6nnen sich hierf\u00fcr an die Aufsichtsbeh\u00f6rde Ihres \u00fcblichen Aufenthaltsortes, Ihres Arbeitsplatzes oder unseres Firmensitzes wenden.<\/p>\n<p>Wenden Sie sich zur Geltendmachung Ihrer Rechte an uns unter:<\/p>\n<p>Nesselhauf Rechtsanw\u00e4lte<br \/>Alsterchaussee 40<br \/>20149 Hamburg<\/p>\n<p>Tel.: +49 40 411 88 123<br \/>Fax.: +49 40 411 88 149<br \/>E-mail: info@nesselhauf.com<\/p>\n<p><strong>Aktualit\u00e4t der Datenschutzerkl\u00e4rung und \u00c4nderung<\/strong><\/p>\n<p>Diese Datenschutzerkl\u00e4rung ist aktuell g\u00fcltig und hat den Stand Mai 2018.<\/p>\n<p>Durch die Weiterentwicklung unserer Website und Angebote dar\u00fcber oder aufgrund ge\u00e4nderter gesetzlicher beziehungsweise beh\u00f6rdlicher Vorgaben kann es notwendig werden, diese Datenschutzerkl\u00e4rung zu \u00e4ndern. Die jeweils aktuelle Datenschutzerkl\u00e4rung kann jederzeit auf der Website unter http:\/\/www.nesselhauf.com\/de_DE\/datenschutz\/ von Ihnen abgerufen und ausgedruckt werden.<\/p>\n<p>\u00a0<\/p>\n<p>\u00a0<\/p>\n<p>\u00a0<\/p>\n","protected":false},"excerpt":{"rendered":"<h2><strong>Datenschutzerkl\u00e4rung Nesselhauf Rechtsanw\u00e4lte<\/strong><\/h2>\n<p>Wir freuen uns \u00fcber Ihr Interesse an unserer Website www.nesselhauf.com. Hier k\u00f6nnen Sie mehr \u00fcber unsere T\u00e4tigkeitsschwerpunkte und unser Team erfahren. Im Folgenden informier&#8230;<\/p>\n","protected":false},"author":1,"featured_media":0,"parent":0,"menu_order":100,"comment_status":"closed","ping_status":"closed","template":"","meta":[],"acf":[],"_links":{"self":[{"href":"https:\/\/www.nesselhauf.com\/de_DE\/wp-json\/wp\/v2\/pages\/543"}],"collection":[{"href":"https:\/\/www.nesselhauf.com\/de_DE\/wp-json\/wp\/v2\/pages"}],"about":[{"href":"https:\/\/www.nesselhauf.com\/de_DE\/wp-json\/wp\/v2\/types\/page"}],"author":[{"embeddable":true,"href":"https:\/\/www.nesselhauf.com\/de_DE\/wp-json\/wp\/v2\/users\/1"}],"replies":[{"embeddable":true,"href":"https:\/\/www.nesselhauf.com\/de_DE\/wp-json\/wp\/v2\/comments?post=543"}],"version-history":[{"count":8,"href":"https:\/\/www.nesselhauf.com\/de_DE\/wp-json\/wp\/v2\/pages\/543\/revisions"}],"predecessor-version":[{"id":563,"href":"https:\/\/www.nesselhauf.com\/de_DE\/wp-json\/wp\/v2\/pages\/543\/revisions\/563"}],"wp:attachment":[{"href":"https:\/\/www.nesselhauf.com\/de_DE\/wp-json\/wp\/v2\/media?parent=543"}],"curies":[{"name":"wp","href":"https:\/\/api.w.org\/{rel}","templated":true}]}}