{"id":55,"date":"2017-10-09T14:51:54","date_gmt":"2017-10-09T12:51:54","guid":{"rendered":"http:\/\/hamburg.socialnetworx.de\/nesselhauf\/?page_id=55"},"modified":"2019-08-08T08:30:10","modified_gmt":"2019-08-08T06:30:10","slug":"presserecht","status":"publish","type":"page","link":"https:\/\/www.nesselhauf.com\/de_DE\/taetigkeitsfelder\/medien-und-presserecht\/presserecht\/","title":{"rendered":"Presserecht"},"content":{"rendered":"<p>Wir\u00a0<span class=\"style19\">beraten Privatpersonen und Unternehmen im Presserecht &#8211; vor und nach Ver\u00f6ffentlichungen. Insbesondere entwickeln wir mit Ihnen Strategien und helfen bei der Durchsetzung oder Abwehr pers\u00f6nlichkeitsrechtlicher Anspr\u00fcche wie Unterlassung, Gegendarstellung, Richtigstellung, Geldentsch\u00e4digung und Schadensersatz.<\/span><\/p>\n","protected":false},"excerpt":{"rendered":"<p>Wir\u00a0<span class=\"style19\">beraten Privatpersonen und Unternehmen im Presserecht &#8211; vor und nach Ver\u00f6ffentlichungen. Insbesondere entwickeln wir mit Ihnen Strategien und helfen bei der Durchsetzung oder Abwehr pers\u00f6nlichkeitsrechtlicher Anspr\u00fcche wie U&#8230;<\/p>\n","protected":false},"author":1,"featured_media":0,"parent":52,"menu_order":0,"comment_status":"closed","ping_status":"closed","template":"page-medien-presserecht.php","meta":[],"acf":[],"_links":{"self":[{"href":"https:\/\/www.nesselhauf.com\/de_DE\/wp-json\/wp\/v2\/pages\/55"}],"collection":[{"href":"https:\/\/www.nesselhauf.com\/de_DE\/wp-json\/wp\/v2\/pages"}],"about":[{"href":"https:\/\/www.nesselhauf.com\/de_DE\/wp-json\/wp\/v2\/types\/page"}],"author":[{"embeddable":true,"href":"https:\/\/www.nesselhauf.com\/de_DE\/wp-json\/wp\/v2\/users\/1"}],"replies":[{"embeddable":true,"href":"https:\/\/www.nesselhauf.com\/de_DE\/wp-json\/wp\/v2\/comments?post=55"}],"version-history":[{"count":8,"href":"https:\/\/www.nesselhauf.com\/de_DE\/wp-json\/wp\/v2\/pages\/55\/revisions"}],"predecessor-version":[{"id":609,"href":"https:\/\/www.nesselhauf.com\/de_DE\/wp-json\/wp\/v2\/pages\/55\/revisions\/609"}],"up":[{"embeddable":true,"href":"https:\/\/www.nesselhauf.com\/de_DE\/wp-json\/wp\/v2\/pages\/52"}],"wp:attachment":[{"href":"https:\/\/www.nesselhauf.com\/de_DE\/wp-json\/wp\/v2\/media?parent=55"}],"curies":[{"name":"wp","href":"https:\/\/api.w.org\/{rel}","templated":true}]}}