{"id":57,"date":"2017-10-09T14:52:21","date_gmt":"2017-10-09T12:52:21","guid":{"rendered":"http:\/\/hamburg.socialnetworx.de\/nesselhauf\/?page_id=57"},"modified":"2019-08-08T08:24:58","modified_gmt":"2019-08-08T06:24:58","slug":"verlagsrecht","status":"publish","type":"page","link":"https:\/\/www.nesselhauf.com\/de_DE\/taetigkeitsfelder\/medien-und-presserecht\/verlagsrecht\/","title":{"rendered":"Verlagsrecht"},"content":{"rendered":"<p>Wir beraten Autoren, Musiker und Verlage in verlagsrechtlichen Fragestellungen, helfen ihnen also insbesondere bei der Vertragsgestaltung und der Durchsetzung ihrer Anspr\u00fcche aus Verlagsvertr\u00e4gen. Dar\u00fcber hinaus pr\u00fcfen wir ihre Werke vor Ver\u00f6ffentlichung auf etwaige Rechtsverletzungen.<\/p>\n","protected":false},"excerpt":{"rendered":"<p>Wir beraten Autoren, Musiker und Verlage in verlagsrechtlichen Fragestellungen, helfen ihnen also insbesondere bei der Vertragsgestaltung und der Durchsetzung ihrer Anspr\u00fcche aus Verlagsvertr\u00e4gen. Dar\u00fcber hinaus pr\u00fcfen wir ihre Werke vor Ver\u00f6ffentlic&#8230;<\/p>\n","protected":false},"author":1,"featured_media":0,"parent":52,"menu_order":1,"comment_status":"closed","ping_status":"closed","template":"page-medien-presserecht.php","meta":[],"acf":[],"_links":{"self":[{"href":"https:\/\/www.nesselhauf.com\/de_DE\/wp-json\/wp\/v2\/pages\/57"}],"collection":[{"href":"https:\/\/www.nesselhauf.com\/de_DE\/wp-json\/wp\/v2\/pages"}],"about":[{"href":"https:\/\/www.nesselhauf.com\/de_DE\/wp-json\/wp\/v2\/types\/page"}],"author":[{"embeddable":true,"href":"https:\/\/www.nesselhauf.com\/de_DE\/wp-json\/wp\/v2\/users\/1"}],"replies":[{"embeddable":true,"href":"https:\/\/www.nesselhauf.com\/de_DE\/wp-json\/wp\/v2\/comments?post=57"}],"version-history":[{"count":5,"href":"https:\/\/www.nesselhauf.com\/de_DE\/wp-json\/wp\/v2\/pages\/57\/revisions"}],"predecessor-version":[{"id":607,"href":"https:\/\/www.nesselhauf.com\/de_DE\/wp-json\/wp\/v2\/pages\/57\/revisions\/607"}],"up":[{"embeddable":true,"href":"https:\/\/www.nesselhauf.com\/de_DE\/wp-json\/wp\/v2\/pages\/52"}],"wp:attachment":[{"href":"https:\/\/www.nesselhauf.com\/de_DE\/wp-json\/wp\/v2\/media?parent=57"}],"curies":[{"name":"wp","href":"https:\/\/api.w.org\/{rel}","templated":true}]}}