{"id":633,"date":"2022-08-22T15:42:16","date_gmt":"2022-08-22T13:42:16","guid":{"rendered":"https:\/\/www.nesselhauf.com\/?page_id=633"},"modified":"2022-08-22T15:42:16","modified_gmt":"2022-08-22T13:42:16","slug":"thomas-koerner","status":"publish","type":"page","link":"https:\/\/www.nesselhauf.com\/de_DE\/rechtsanwaelte\/thomas-koerner\/","title":{"rendered":"Thomas K\u00f6rner"},"content":{"rendered":"<p>Rechtsanwalt<\/p>\n<table>\n<tbody>\n<tr>\n<td>Studium:<\/td>\n<td>Universit\u00e4t Hamburg<\/td>\n<\/tr>\n<tr>\n<td>Fremdsprachen:<\/td>\n<td>Englisch<\/td>\n<\/tr>\n<tr>\n<td>Rechtsgebiete:<\/td>\n<td>Medien- und Presserecht, Urheberrecht, Informationsfreiheitsrecht<\/td>\n<\/tr>\n<tr>\n<td>E-Mail:<\/td>\n<td><a href=\"mailto:koerner@nesselhauf.com\">koerner@nesselhauf.com<\/a><\/td>\n<\/tr>\n<\/tbody>\n<\/table>\n<p>Thomas K\u00f6rner ist seit 2020 Associate bei Nesselhauf Rechtsanw\u00e4lte.<\/p>\n<p>Er ist spezialisiert auf das Presse- und \u00c4u\u00dferungsrecht, Urheberrecht sowie das Informationsfreiheitsrecht. Im Presse- und \u00c4u\u00dferungsrecht vertritt er von Pressever\u00f6ffentlichungen betroffene Unternehmen und Privatpersonen gerichtlich und au\u00dfergerichtlich. Im Bereich der Informationsfreiheitsrechte liegt ein Schwerpunkt auf der Beratung und Vertretung \u00f6ffentlicher Institutionen.<\/p>\n<p>Vor seiner T\u00e4tigkeit als Rechtsanwalt war Thomas K\u00f6rner mehrere Jahre in einer internationalen Werbeagentur t\u00e4tig.<\/p>\n<p>Thomas K\u00f6rner ist Dozent an der Akademie f\u00fcr Publizistik, Hamburg.<\/p>\n","protected":false},"excerpt":{"rendered":"<p>Rechtsanwalt<\/p>\n<table>\n<tbody>\n<tr>\n<td>Studium:<\/td>\n<td>Universit\u00e4t Hamburg<\/td>\n<\/tr>\n<tr>\n<td>Fremdsprachen:<\/td>\n<td>Englisch<\/td>\n<\/tr>\n<tr>\n<td>Rechtsgebiete:<\/td>\n<td>Medien- und Presserecht, Urheberrecht, Informationsfreiheitsrech&#8230;<\/p>\n","protected":false},"author":1,"featured_media":0,"parent":18,"menu_order":0,"comment_status":"closed","ping_status":"closed","template":"page-rechtsanwealte-profil.php","meta":[],"acf":[],"_links":{"self":[{"href":"https:\/\/www.nesselhauf.com\/de_DE\/wp-json\/wp\/v2\/pages\/633"}],"collection":[{"href":"https:\/\/www.nesselhauf.com\/de_DE\/wp-json\/wp\/v2\/pages"}],"about":[{"href":"https:\/\/www.nesselhauf.com\/de_DE\/wp-json\/wp\/v2\/types\/page"}],"author":[{"embeddable":true,"href":"https:\/\/www.nesselhauf.com\/de_DE\/wp-json\/wp\/v2\/users\/1"}],"replies":[{"embeddable":true,"href":"https:\/\/www.nesselhauf.com\/de_DE\/wp-json\/wp\/v2\/comments?post=633"}],"version-history":[{"count":6,"href":"https:\/\/www.nesselhauf.com\/de_DE\/wp-json\/wp\/v2\/pages\/633\/revisions"}],"predecessor-version":[{"id":641,"href":"https:\/\/www.nesselhauf.com\/de_DE\/wp-json\/wp\/v2\/pages\/633\/revisions\/641"}],"up":[{"embeddable":true,"href":"https:\/\/www.nesselhauf.com\/de_DE\/wp-json\/wp\/v2\/pages\/18"}],"wp:attachment":[{"href":"https:\/\/www.nesselhauf.com\/de_DE\/wp-json\/wp\/v2\/media?parent=633"}],"curies":[{"name":"wp","href":"https:\/\/api.w.org\/{rel}","templated":true}]}}