{"id":65,"date":"2017-10-09T14:56:12","date_gmt":"2017-10-09T12:56:12","guid":{"rendered":"http:\/\/hamburg.socialnetworx.de\/nesselhauf\/?page_id=65"},"modified":"2019-08-08T08:35:35","modified_gmt":"2019-08-08T06:35:35","slug":"marken-und-kennzeichenrecht","status":"publish","type":"page","link":"https:\/\/www.nesselhauf.com\/de_DE\/taetigkeitsfelder\/gewerblicher-rechtsschutz\/marken-und-kennzeichenrecht\/","title":{"rendered":"Marken- und Kennzeichenrecht"},"content":{"rendered":"<p>Im Marken- und Kennzeichenrecht beraten und begleiten wir Sie bei der Verwaltung, Verteidigung und Optimierung von Marken- und Kennzeichenportfolios. Wir helfen bei der Suche und Sicherung von neuen Marken, Firmennamen, Titeln und Domains, indem wir Recherchen nach m\u00f6glicherweise entgegenstehenden \u00e4lteren Rechten durchf\u00fchren und Marken beim Deutschen Patent- und Markenamt (DE-Marken), der WIPO (IR-Marken) sowie beim Harmonisierungsamt f\u00fcr den Binnenmarkt in Alicante (EU-Marken) registrieren. Unsere T\u00e4tigkeit beinhaltet die Kollisions\u00fcberwachung von Marken und sonstigen Kennzeichen, die Vertretung in Widerspruchs-, L\u00f6schungs- und Nichtigkeitsverfahren vor dem Deutschen Patent- und Markenamt und dem Harmonisierungsamt f\u00fcr den Binnenmarkt sowie die Beratung und Vertretung in au\u00dfergerichtlichen und gerichtlichen Auseinandersetzungen um Marken, Unternehmenskennzeichen, Titel, Internet-Domains und Namen. Wir helfen ferner bei der Verhandlung und Abfassung von markenrechtlichen Lizenzvertr\u00e4gen und Abgrenzungsvereinbarungen. Bei Anmeldungen und Auseinandersetzungen im Ausland arbeiten wir seit vielen Jahren eng mit Kollegen aus aller Welt zusammen.<\/p>\n","protected":false},"excerpt":{"rendered":"<p>Im Marken- und Kennzeichenrecht beraten und begleiten wir Sie bei der Verwaltung, Verteidigung und Optimierung von Marken- und Kennzeichenportfolios. Wir helfen bei der Suche und Sicherung von neuen Marken, Firmennamen, Titeln und Domains, indem wir &#8230;<\/p>\n","protected":false},"author":1,"featured_media":0,"parent":63,"menu_order":0,"comment_status":"closed","ping_status":"closed","template":"page-gewerblicher-rechtsschutz.php","meta":[],"acf":[],"_links":{"self":[{"href":"https:\/\/www.nesselhauf.com\/de_DE\/wp-json\/wp\/v2\/pages\/65"}],"collection":[{"href":"https:\/\/www.nesselhauf.com\/de_DE\/wp-json\/wp\/v2\/pages"}],"about":[{"href":"https:\/\/www.nesselhauf.com\/de_DE\/wp-json\/wp\/v2\/types\/page"}],"author":[{"embeddable":true,"href":"https:\/\/www.nesselhauf.com\/de_DE\/wp-json\/wp\/v2\/users\/1"}],"replies":[{"embeddable":true,"href":"https:\/\/www.nesselhauf.com\/de_DE\/wp-json\/wp\/v2\/comments?post=65"}],"version-history":[{"count":5,"href":"https:\/\/www.nesselhauf.com\/de_DE\/wp-json\/wp\/v2\/pages\/65\/revisions"}],"predecessor-version":[{"id":611,"href":"https:\/\/www.nesselhauf.com\/de_DE\/wp-json\/wp\/v2\/pages\/65\/revisions\/611"}],"up":[{"embeddable":true,"href":"https:\/\/www.nesselhauf.com\/de_DE\/wp-json\/wp\/v2\/pages\/63"}],"wp:attachment":[{"href":"https:\/\/www.nesselhauf.com\/de_DE\/wp-json\/wp\/v2\/media?parent=65"}],"curies":[{"name":"wp","href":"https:\/\/api.w.org\/{rel}","templated":true}]}}