{"id":662,"date":"2025-03-07T07:37:01","date_gmt":"2025-03-07T06:37:01","guid":{"rendered":"https:\/\/www.nesselhauf.com\/?page_id=662"},"modified":"2025-03-07T10:51:11","modified_gmt":"2025-03-07T09:51:11","slug":"dr-anne-kristin-polster","status":"publish","type":"page","link":"https:\/\/www.nesselhauf.com\/de_DE\/rechtsanwaelte\/dr-anne-kristin-polster\/","title":{"rendered":"Dr. Anne-Kristin Polster"},"content":{"rendered":"<table>\n<tbody>\n<tr>\n<td>Studium:<\/td>\n<td>Humboldt Universit\u00e4t zu Berlin<\/td>\n<\/tr>\n<tr>\n<td>Fremdsprachen:<\/td>\n<td>Englisch<\/td>\n<\/tr>\n<tr>\n<td>Rechtsgebiete:<\/td>\n<td>Medien- und Presserecht, Urheberrecht<\/td>\n<\/tr>\n<tr>\n<td>E-Mail:<\/td>\n<td><a href=\"mailto:polster@nesselhauf.com\">polster@nesselhauf.com<\/a><\/td>\n<\/tr>\n<\/tbody>\n<\/table>\n<p>Dr. Anne-Kristin Polster ist seit 2023 Associate bei NESSELHAUF Rechtsanw\u00e4lte.<\/p>\n<p>Sie ist spezialisiert auf die gerichtliche und au\u00dfergerichtliche Vertretung von Unternehmen und Privatpersonen auf dem Gebiet des Medien- und Presserechts. Dr. Anne-Kristin Polster unterst\u00fctzt Mandanten insbesondere bei der Wahrung ihrer Pers\u00f6nlichkeitsrechte und der Durchsetzung von Anspr\u00fcchen. Medien- und Kreativschaffende ber\u00e4t sie in urheberrechtlichen Fragen.<\/p>\n<p>Zuvor war Dr. Anne-Kristin Polster wissenschaftliche Mitarbeiterin am Leibniz-Institut f\u00fcr Medienforschung \u2502 Hans-Bredow-Institut in Hamburg sowie am Alexander von Humboldt Institut f\u00fcr Internet und Gesellschaft in Berlin und promovierte zu einem medienrechtlichen Thema.<\/p>\n","protected":false},"excerpt":{"rendered":"<table>\n<tbody>\n<tr>\n<td>Studium:<\/td>\n<td>Humboldt Universit\u00e4t zu Berlin<\/td>\n<\/tr>\n<tr>\n<td>Fremdsprachen:<\/td>\n<td>Englisch<\/td>\n<\/tr>\n<tr>\n<td>Rechtsgebiete:<\/td>\n<td>Medien- und Presserecht, Urheberrecht<\/td>\n<\/tr>\n<tr>\n<td>E-Mail&#8230;<\/p>\n","protected":false},"author":2,"featured_media":0,"parent":18,"menu_order":8,"comment_status":"closed","ping_status":"closed","template":"page-rechtsanwealte-profil.php","meta":[],"acf":[],"_links":{"self":[{"href":"https:\/\/www.nesselhauf.com\/de_DE\/wp-json\/wp\/v2\/pages\/662"}],"collection":[{"href":"https:\/\/www.nesselhauf.com\/de_DE\/wp-json\/wp\/v2\/pages"}],"about":[{"href":"https:\/\/www.nesselhauf.com\/de_DE\/wp-json\/wp\/v2\/types\/page"}],"author":[{"embeddable":true,"href":"https:\/\/www.nesselhauf.com\/de_DE\/wp-json\/wp\/v2\/users\/2"}],"replies":[{"embeddable":true,"href":"https:\/\/www.nesselhauf.com\/de_DE\/wp-json\/wp\/v2\/comments?post=662"}],"version-history":[{"count":18,"href":"https:\/\/www.nesselhauf.com\/de_DE\/wp-json\/wp\/v2\/pages\/662\/revisions"}],"predecessor-version":[{"id":683,"href":"https:\/\/www.nesselhauf.com\/de_DE\/wp-json\/wp\/v2\/pages\/662\/revisions\/683"}],"up":[{"embeddable":true,"href":"https:\/\/www.nesselhauf.com\/de_DE\/wp-json\/wp\/v2\/pages\/18"}],"wp:attachment":[{"href":"https:\/\/www.nesselhauf.com\/de_DE\/wp-json\/wp\/v2\/media?parent=662"}],"curies":[{"name":"wp","href":"https:\/\/api.w.org\/{rel}","templated":true}]}}