{"id":67,"date":"2017-10-09T14:57:39","date_gmt":"2017-10-09T12:57:39","guid":{"rendered":"http:\/\/hamburg.socialnetworx.de\/nesselhauf\/?page_id=67"},"modified":"2019-08-08T08:37:06","modified_gmt":"2019-08-08T06:37:06","slug":"wettbewerbsrecht","status":"publish","type":"page","link":"https:\/\/www.nesselhauf.com\/de_DE\/taetigkeitsfelder\/gewerblicher-rechtsschutz\/wettbewerbsrecht\/","title":{"rendered":"Wettbewerbsrecht"},"content":{"rendered":"<p>Das Wettbewerbsrecht unterliegt aufgrund zahlreicher gesetzlicher Neuerungen einem sich ver\u00e4nderten Verbraucherleitbild und einer Rechtsprechung, die immer mehr EU-Vorgaben zu beachten und umzusetzen hat, einem stetem Wandel. Wir sind stets \u00fcber die aktuellsten Entwicklungen informiert und beraten und begleiten pr\u00e4ventiv bei der Konzeption und Umsetzung von Werbema\u00dfnahmen jeglicher Art, um sp\u00e4tere Rechtsstreitigkeiten zu vermeiden. Wir beraten ferner au\u00dfergerichtlich (Abmahnungen) und gerichtlich (einstweilige Verf\u00fcgungen, Hauptsacheklagen) bei der Verfolgung von Wettbewerbsverst\u00f6\u00dfen durch Mitbewerber ebenso wie bei der Abwehr entsprechender Angriffe.<\/p>\n","protected":false},"excerpt":{"rendered":"<p>Das Wettbewerbsrecht unterliegt aufgrund zahlreicher gesetzlicher Neuerungen einem sich ver\u00e4nderten Verbraucherleitbild und einer Rechtsprechung, die immer mehr EU-Vorgaben zu beachten und umzusetzen hat, einem stetem Wandel. Wir sind stets \u00fcber die &#8230;<\/p>\n","protected":false},"author":1,"featured_media":0,"parent":63,"menu_order":1,"comment_status":"closed","ping_status":"closed","template":"page-gewerblicher-rechtsschutz.php","meta":[],"acf":[],"_links":{"self":[{"href":"https:\/\/www.nesselhauf.com\/de_DE\/wp-json\/wp\/v2\/pages\/67"}],"collection":[{"href":"https:\/\/www.nesselhauf.com\/de_DE\/wp-json\/wp\/v2\/pages"}],"about":[{"href":"https:\/\/www.nesselhauf.com\/de_DE\/wp-json\/wp\/v2\/types\/page"}],"author":[{"embeddable":true,"href":"https:\/\/www.nesselhauf.com\/de_DE\/wp-json\/wp\/v2\/users\/1"}],"replies":[{"embeddable":true,"href":"https:\/\/www.nesselhauf.com\/de_DE\/wp-json\/wp\/v2\/comments?post=67"}],"version-history":[{"count":6,"href":"https:\/\/www.nesselhauf.com\/de_DE\/wp-json\/wp\/v2\/pages\/67\/revisions"}],"predecessor-version":[{"id":613,"href":"https:\/\/www.nesselhauf.com\/de_DE\/wp-json\/wp\/v2\/pages\/67\/revisions\/613"}],"up":[{"embeddable":true,"href":"https:\/\/www.nesselhauf.com\/de_DE\/wp-json\/wp\/v2\/pages\/63"}],"wp:attachment":[{"href":"https:\/\/www.nesselhauf.com\/de_DE\/wp-json\/wp\/v2\/media?parent=67"}],"curies":[{"name":"wp","href":"https:\/\/api.w.org\/{rel}","templated":true}]}}