{"id":79,"date":"2017-10-09T15:05:12","date_gmt":"2017-10-09T13:05:12","guid":{"rendered":"http:\/\/hamburg.socialnetworx.de\/nesselhauf\/?page_id=79"},"modified":"2017-10-10T15:17:24","modified_gmt":"2017-10-10T13:17:24","slug":"hardware","status":"publish","type":"page","link":"https:\/\/www.nesselhauf.com\/de_DE\/taetigkeitsfelder\/it-edv-recht\/hardware\/","title":{"rendered":"Hardware"},"content":{"rendered":"<p>Wir beraten bei der Entwicklung und dem Vertrieb von Hardware im In- und Ausland. Hierbei sind zahlreiche rechtliche Gesichtspunkte zu beachten: Angefangen bei der Gestaltung der Entwicklungsauftr\u00e4ge \u00fcber die Beratung von Normen, die die Sicherheit und Entsorgung der Produkte betreffen, bis hin zu der Gestaltung der Bedingungen f\u00fcr die verschiedenen Absatzkan\u00e4le wie Internet, Gro\u00df- und Einzelhandel oder Einkaufsgemeinschaften.<br \/>\nEbenso entwerfen, pr\u00fcfen und verhandeln wir Vertr\u00e4ge, die Wartung, Kauf, Miete und Leasing von Hardware betreffen.<\/p>\n","protected":false},"excerpt":{"rendered":"<p>Wir beraten bei der Entwicklung und dem Vertrieb von Hardware im In- und Ausland. Hierbei sind zahlreiche rechtliche Gesichtspunkte zu beachten: Angefangen bei der Gestaltung der Entwicklungsauftr\u00e4ge \u00fcber die Beratung von Normen, die die Sicherheit u&#8230;<\/p>\n","protected":false},"author":1,"featured_media":0,"parent":75,"menu_order":1,"comment_status":"closed","ping_status":"closed","template":"page-it-edv-recht.php","meta":[],"acf":[],"_links":{"self":[{"href":"https:\/\/www.nesselhauf.com\/de_DE\/wp-json\/wp\/v2\/pages\/79"}],"collection":[{"href":"https:\/\/www.nesselhauf.com\/de_DE\/wp-json\/wp\/v2\/pages"}],"about":[{"href":"https:\/\/www.nesselhauf.com\/de_DE\/wp-json\/wp\/v2\/types\/page"}],"author":[{"embeddable":true,"href":"https:\/\/www.nesselhauf.com\/de_DE\/wp-json\/wp\/v2\/users\/1"}],"replies":[{"embeddable":true,"href":"https:\/\/www.nesselhauf.com\/de_DE\/wp-json\/wp\/v2\/comments?post=79"}],"version-history":[{"count":4,"href":"https:\/\/www.nesselhauf.com\/de_DE\/wp-json\/wp\/v2\/pages\/79\/revisions"}],"predecessor-version":[{"id":279,"href":"https:\/\/www.nesselhauf.com\/de_DE\/wp-json\/wp\/v2\/pages\/79\/revisions\/279"}],"up":[{"embeddable":true,"href":"https:\/\/www.nesselhauf.com\/de_DE\/wp-json\/wp\/v2\/pages\/75"}],"wp:attachment":[{"href":"https:\/\/www.nesselhauf.com\/de_DE\/wp-json\/wp\/v2\/media?parent=79"}],"curies":[{"name":"wp","href":"https:\/\/api.w.org\/{rel}","templated":true}]}}