{"id":81,"date":"2017-10-09T15:07:40","date_gmt":"2017-10-09T13:07:40","guid":{"rendered":"http:\/\/hamburg.socialnetworx.de\/nesselhauf\/?page_id=81"},"modified":"2019-08-08T08:39:19","modified_gmt":"2019-08-08T06:39:19","slug":"lizensierung-von-medieninhalten","status":"publish","type":"page","link":"https:\/\/www.nesselhauf.com\/de_DE\/taetigkeitsfelder\/it-edv-recht\/lizensierung-von-medieninhalten\/","title":{"rendered":"Lizenzierung von Medieninhalten"},"content":{"rendered":"<p>Insbesondere in den letzten Jahren ist der Bereich der Lizenzierung von Inhalten, die in verschiedensten elektronischen Medien (Internet, PDA\u00b4s, Softwareprodukten, Navigationsl\u00f6sungen, Handys) verwertet werden, gewachsen. In diesem Bereich haben wir die Gestaltung und Verhandlung von Vertr\u00e4gen zur Produktion (z. B. Fotografen, Bilddatenbanken, Filmproduktion), zum Erwerb von Inhalten (Wortbeitr\u00e4ge, Bilder, Filme, Informationen, Datenbanken) und zur Verwertung der produzierten oder erworbenen Inhalten an Abnehmer (z. B. Informations-Portale, Navigationsl\u00f6sungen, Verlage) \u00fcbernommen.<\/p>\n","protected":false},"excerpt":{"rendered":"<p>Insbesondere in den letzten Jahren ist der Bereich der Lizenzierung von Inhalten, die in verschiedensten elektronischen Medien (Internet, PDA\u00b4s, Softwareprodukten, Navigationsl\u00f6sungen, Handys) verwertet werden, gewachsen. In diesem Bereich haben wir &#8230;<\/p>\n","protected":false},"author":1,"featured_media":0,"parent":75,"menu_order":2,"comment_status":"closed","ping_status":"closed","template":"page-it-edv-recht.php","meta":[],"acf":[],"_links":{"self":[{"href":"https:\/\/www.nesselhauf.com\/de_DE\/wp-json\/wp\/v2\/pages\/81"}],"collection":[{"href":"https:\/\/www.nesselhauf.com\/de_DE\/wp-json\/wp\/v2\/pages"}],"about":[{"href":"https:\/\/www.nesselhauf.com\/de_DE\/wp-json\/wp\/v2\/types\/page"}],"author":[{"embeddable":true,"href":"https:\/\/www.nesselhauf.com\/de_DE\/wp-json\/wp\/v2\/users\/1"}],"replies":[{"embeddable":true,"href":"https:\/\/www.nesselhauf.com\/de_DE\/wp-json\/wp\/v2\/comments?post=81"}],"version-history":[{"count":6,"href":"https:\/\/www.nesselhauf.com\/de_DE\/wp-json\/wp\/v2\/pages\/81\/revisions"}],"predecessor-version":[{"id":618,"href":"https:\/\/www.nesselhauf.com\/de_DE\/wp-json\/wp\/v2\/pages\/81\/revisions\/618"}],"up":[{"embeddable":true,"href":"https:\/\/www.nesselhauf.com\/de_DE\/wp-json\/wp\/v2\/pages\/75"}],"wp:attachment":[{"href":"https:\/\/www.nesselhauf.com\/de_DE\/wp-json\/wp\/v2\/media?parent=81"}],"curies":[{"name":"wp","href":"https:\/\/api.w.org\/{rel}","templated":true}]}}