{"id":83,"date":"2017-10-09T15:09:51","date_gmt":"2017-10-09T13:09:51","guid":{"rendered":"http:\/\/hamburg.socialnetworx.de\/nesselhauf\/?page_id=83"},"modified":"2017-10-10T15:17:30","modified_gmt":"2017-10-10T13:17:30","slug":"internetrecht-e-commerce","status":"publish","type":"page","link":"https:\/\/www.nesselhauf.com\/de_DE\/taetigkeitsfelder\/it-edv-recht\/internetrecht-e-commerce\/","title":{"rendered":"Internetrecht\/ E-Commerce"},"content":{"rendered":"<p>Ein weiterer Schwerpunkt unserer T\u00e4tigkeit besteht in der Beratung bei rechtlichen Fragestellungen im Zusammenhang mit dem Internet. Diese umfasst nicht nur die klassischen Bereiche wie z. B. Webdesign- und Pflegevertr\u00e4ge, die gesetzlichen Anforderungen an kommerzielle Websites und Allgemeine Gesch\u00e4ftsbedingungen, sondern auch Nutzungsbedingungen f\u00fcr moderne Formen des Vertriebs (z. B. Portalvertr\u00e4ge, Download oder Streaming von Content) oder Online-Communities. Technologisch innovative Werbeformen und Kooperationsvereinbarungen zur Steigerung der Attraktivit\u00e4t von Websites durch Einbindung fremden Contents sind oft Gegenstand von Vereinbarungen, bei deren Gestaltung und Verhandlung wir f\u00fcr Mandanten t\u00e4tig sind. Hierbei sind haftungsrechtliche Aspekte von erheblicher Bedeutung.<\/p>\n","protected":false},"excerpt":{"rendered":"<p>Ein weiterer Schwerpunkt unserer T\u00e4tigkeit besteht in der Beratung bei rechtlichen Fragestellungen im Zusammenhang mit dem Internet. Diese umfasst nicht nur die klassischen Bereiche wie z. B. Webdesign- und Pflegevertr\u00e4ge, die gesetzlichen Anforderun&#8230;<\/p>\n","protected":false},"author":1,"featured_media":0,"parent":75,"menu_order":3,"comment_status":"closed","ping_status":"closed","template":"page-it-edv-recht.php","meta":[],"acf":[],"_links":{"self":[{"href":"https:\/\/www.nesselhauf.com\/de_DE\/wp-json\/wp\/v2\/pages\/83"}],"collection":[{"href":"https:\/\/www.nesselhauf.com\/de_DE\/wp-json\/wp\/v2\/pages"}],"about":[{"href":"https:\/\/www.nesselhauf.com\/de_DE\/wp-json\/wp\/v2\/types\/page"}],"author":[{"embeddable":true,"href":"https:\/\/www.nesselhauf.com\/de_DE\/wp-json\/wp\/v2\/users\/1"}],"replies":[{"embeddable":true,"href":"https:\/\/www.nesselhauf.com\/de_DE\/wp-json\/wp\/v2\/comments?post=83"}],"version-history":[{"count":4,"href":"https:\/\/www.nesselhauf.com\/de_DE\/wp-json\/wp\/v2\/pages\/83\/revisions"}],"predecessor-version":[{"id":281,"href":"https:\/\/www.nesselhauf.com\/de_DE\/wp-json\/wp\/v2\/pages\/83\/revisions\/281"}],"up":[{"embeddable":true,"href":"https:\/\/www.nesselhauf.com\/de_DE\/wp-json\/wp\/v2\/pages\/75"}],"wp:attachment":[{"href":"https:\/\/www.nesselhauf.com\/de_DE\/wp-json\/wp\/v2\/media?parent=83"}],"curies":[{"name":"wp","href":"https:\/\/api.w.org\/{rel}","templated":true}]}}