{"id":91,"date":"2017-10-09T15:22:19","date_gmt":"2017-10-09T13:22:19","guid":{"rendered":"http:\/\/hamburg.socialnetworx.de\/nesselhauf\/?page_id=91"},"modified":"2017-10-10T15:20:16","modified_gmt":"2017-10-10T13:20:16","slug":"filmrecht","status":"publish","type":"page","link":"https:\/\/www.nesselhauf.com\/de_DE\/taetigkeitsfelder\/filmrecht\/","title":{"rendered":"Filmrecht"},"content":{"rendered":"<p>Wir beraten sowohl Filmregisseure, Drehbuchautoren, Schauspieler und andere Kreative der Filmbranche als auch Filmproduzenten, Produktionsgesellschaften und Rechteverwerter in allen vertraglichen Angelegenheiten, insbesondere bei der Gestaltung und Verhandlung von Regie-, Drehbuch-, Darsteller-, Produktions- und Lizenzvertr\u00e4gen und unterst\u00fctzen sie bei der Durchsetzung ihrer vertraglichen und au\u00dfervertraglichen Anspr\u00fcche sowie in allen Angelegenheiten gegen\u00fcber nationalen und internationalen Verwertungsgesellschaften.<\/p>\n","protected":false},"excerpt":{"rendered":"<p>Wir beraten sowohl Filmregisseure, Drehbuchautoren, Schauspieler und andere Kreative der Filmbranche als auch Filmproduzenten, Produktionsgesellschaften und Rechteverwerter in allen vertraglichen Angelegenheiten, insbesondere bei der Gestaltung und V&#8230;<\/p>\n","protected":false},"author":1,"featured_media":0,"parent":20,"menu_order":5,"comment_status":"closed","ping_status":"closed","template":"page-taetigkeitsfelder.php","meta":[],"acf":[],"_links":{"self":[{"href":"https:\/\/www.nesselhauf.com\/de_DE\/wp-json\/wp\/v2\/pages\/91"}],"collection":[{"href":"https:\/\/www.nesselhauf.com\/de_DE\/wp-json\/wp\/v2\/pages"}],"about":[{"href":"https:\/\/www.nesselhauf.com\/de_DE\/wp-json\/wp\/v2\/types\/page"}],"author":[{"embeddable":true,"href":"https:\/\/www.nesselhauf.com\/de_DE\/wp-json\/wp\/v2\/users\/1"}],"replies":[{"embeddable":true,"href":"https:\/\/www.nesselhauf.com\/de_DE\/wp-json\/wp\/v2\/comments?post=91"}],"version-history":[{"count":4,"href":"https:\/\/www.nesselhauf.com\/de_DE\/wp-json\/wp\/v2\/pages\/91\/revisions"}],"predecessor-version":[{"id":285,"href":"https:\/\/www.nesselhauf.com\/de_DE\/wp-json\/wp\/v2\/pages\/91\/revisions\/285"}],"up":[{"embeddable":true,"href":"https:\/\/www.nesselhauf.com\/de_DE\/wp-json\/wp\/v2\/pages\/20"}],"wp:attachment":[{"href":"https:\/\/www.nesselhauf.com\/de_DE\/wp-json\/wp\/v2\/media?parent=91"}],"curies":[{"name":"wp","href":"https:\/\/api.w.org\/{rel}","templated":true}]}}