{"id":93,"date":"2017-10-09T15:23:05","date_gmt":"2017-10-09T13:23:05","guid":{"rendered":"http:\/\/hamburg.socialnetworx.de\/nesselhauf\/?page_id=93"},"modified":"2017-10-10T15:20:19","modified_gmt":"2017-10-10T13:20:19","slug":"musik-musikverlagsrecht","status":"publish","type":"page","link":"https:\/\/www.nesselhauf.com\/de_DE\/taetigkeitsfelder\/musik-musikverlagsrecht\/","title":{"rendered":"Musik- \/ Musikverlagsrecht"},"content":{"rendered":"<p>Wir beraten Musikverlage, Musikschaffende, Lizenzgeber und Lizenznehmer in allen Angelegenheiten aus dem Bereich Musik, insbesondere bei der Gestaltung und Verhandlung von Vertr\u00e4gen sowie bei der Durchsetzung ihrer vertraglichen und au\u00dfervertraglichen Anspr\u00fcche und unterst\u00fctzen sie in allen Angelegenheiten gegen\u00fcber nationalen und internationalen Verwertungsgesellschaften.<\/p>\n<p>Musikverlage, Komponisten und Textdichter beraten wir in allen musikverlegerischen Angelegenheiten, insbesondere bei der Gestaltung und Verhandlung von branchen\u00fcblichen Vertr\u00e4gen wie z.B. Autorenvertr\u00e4gen, Katalogkaufvertr\u00e4gen, Co-Verlags-, Editions- und Subverlagsvertr\u00e4gen sowie sonstigen Vertr\u00e4gen zu Erwerb, \u00dcbertragung und Auswertung urheberrechtlicher Nutzungsrechte an Musik.<\/p>\n<p>Produzenten, Musiker, aus\u00fcbende K\u00fcnstler, Lizenzgeber und Lizenznehmer im Bereich Musik beraten wir bei der Gestaltung und Verhandlung von Band\u00fcbernahme, Produzenten-, Management- und K\u00fcnstlervertr\u00e4gen, Merchandising-, Vertriebs-, Konzertvertr\u00e4gen und Lizenzvertr\u00e4gen jeder Art zu Erwerb, \u00dcbertragung und Auswertung urheberrechtlicher Nutzungsrechte an Musik.<\/p>\n","protected":false},"excerpt":{"rendered":"<p>Wir beraten Musikverlage, Musikschaffende, Lizenzgeber und Lizenznehmer in allen Angelegenheiten aus dem Bereich Musik, insbesondere bei der Gestaltung und Verhandlung von Vertr\u00e4gen sowie bei der Durchsetzung ihrer vertraglichen und au\u00dfervertragliche&#8230;<\/p>\n","protected":false},"author":1,"featured_media":0,"parent":20,"menu_order":5,"comment_status":"closed","ping_status":"closed","template":"page-taetigkeitsfelder.php","meta":[],"acf":[],"_links":{"self":[{"href":"https:\/\/www.nesselhauf.com\/de_DE\/wp-json\/wp\/v2\/pages\/93"}],"collection":[{"href":"https:\/\/www.nesselhauf.com\/de_DE\/wp-json\/wp\/v2\/pages"}],"about":[{"href":"https:\/\/www.nesselhauf.com\/de_DE\/wp-json\/wp\/v2\/types\/page"}],"author":[{"embeddable":true,"href":"https:\/\/www.nesselhauf.com\/de_DE\/wp-json\/wp\/v2\/users\/1"}],"replies":[{"embeddable":true,"href":"https:\/\/www.nesselhauf.com\/de_DE\/wp-json\/wp\/v2\/comments?post=93"}],"version-history":[{"count":4,"href":"https:\/\/www.nesselhauf.com\/de_DE\/wp-json\/wp\/v2\/pages\/93\/revisions"}],"predecessor-version":[{"id":286,"href":"https:\/\/www.nesselhauf.com\/de_DE\/wp-json\/wp\/v2\/pages\/93\/revisions\/286"}],"up":[{"embeddable":true,"href":"https:\/\/www.nesselhauf.com\/de_DE\/wp-json\/wp\/v2\/pages\/20"}],"wp:attachment":[{"href":"https:\/\/www.nesselhauf.com\/de_DE\/wp-json\/wp\/v2\/media?parent=93"}],"curies":[{"name":"wp","href":"https:\/\/api.w.org\/{rel}","templated":true}]}}