{"id":24,"date":"2017-10-09T13:16:09","date_gmt":"2017-10-09T11:16:09","guid":{"rendered":"http:\/\/hamburg.socialnetworx.de\/nesselhauf\/?page_id=24"},"modified":"2018-06-11T14:59:37","modified_gmt":"2018-06-11T12:59:37","slug":"impressum","status":"publish","type":"page","link":"https:\/\/www.nesselhauf.com\/en_US\/impressum\/","title":{"rendered":"Imprint"},"content":{"rendered":"<p>Nesselhauf Rechtsanw\u00e4lte<br \/>\nAlsterchaussee 40<br \/>\nD-20149 Hamburg<\/p>\n<p>Tel.: +49 40 411 88 123<br \/>\nFax: +49 40 411 88 149<br \/>\ne-mail: info@nesselhauf.com<\/p>\n<p>The attorneys are admitted to practice in the Federal Republic of Germany. The supervisory authority and competent Bar is the Hanseatic Bar, Valentinskamp 88, D-20355 Hamburg.<\/p>\n<p>The applicable professional regulations are the Federal Code of Lawyers (<em>Bundesrechtsanwaltsordnung<\/em>), the Solicitors\u2019 Professional Code (<em>Berufsordnung f\u00fcr Rechtsanw\u00e4lte<\/em>), the Specialist Lawyers\u2019 Code (<em>Fachanwaltsordnung<\/em>), the Lawyers\u2019 Remuneration Act (<em>Rechtsanwaltsverg\u00fctungsgesetz<\/em>), the Federal Code of Lawyers\u2019 Fees (<em>Bundesgeb\u00fchrenordnung f\u00fcr Rechtsanw\u00e4lte<\/em>) and the Code of Conduct for Lawyers in the European Union (<em>Berufsregeln der Rechtsanw\u00e4lte der Europ\u00e4ischen Gemeinschaft<\/em>) (can be retrieved from the German Federal Bar at brak.de under the heading: \u201c<em>Berufsrecht<\/em>\u201d (professional regulations).<\/p>\n<p>All the attorneys working for the firm have professional liability insurance with AXA Versicherung AG (Colonia-Allee\u00a010-20, D-51067 K\u00f6ln) that is applicable in the entire territory of the EU and the Member States of the Agreement on the European Economic Area.<\/p>\n<p>Online dispute resolution in accordance with Art. 14\u00a7\u00a01 of the <strong>Regulation on consumer ODR<\/strong>: EU online out-of-court dispute resolution platform <a href=\"http:\/\/ec.europa.eu\/consumers\/odr\/\">http:\/\/ec.europa.eu\/consumers\/odr\/<\/a><\/p>\n<p>Out-of-court dispute resolution by Hamburg Regional Bar in accordance with section\u00a073 subsection\u00a0(2) Nos.\u00a03 and\u00a05 of the Federal Code of Lawyers, or the Arbitration Board of the Legal Profession at the Federal Bar in accordance with sections\u00a0191 et seq. of the Federal Code of Lawyers. You can obtain access to the respective procedure and more information regarding the preconditions applying to it from the abovenamed Bars.<\/p>\n","protected":false},"excerpt":{"rendered":"<p>Nesselhauf Rechtsanw\u00e4lte<br \/>\nAlsterchaussee 40<br \/>\nD-20149 Hamburg<\/p>\n<p>Tel.: +49 40 411 88 123<br \/>\nFax: +49 40 411 88 149<br \/>\ne-mail: info@nesselhauf.com<\/p>\n<p>The attorneys are admitted to practice in the Federal Republic of Germany. The supervisory authority and c&#8230;<\/p>\n","protected":false},"author":1,"featured_media":0,"parent":0,"menu_order":99,"comment_status":"closed","ping_status":"closed","template":"","meta":[],"acf":[],"_links":{"self":[{"href":"https:\/\/www.nesselhauf.com\/en_US\/wp-json\/wp\/v2\/pages\/24"}],"collection":[{"href":"https:\/\/www.nesselhauf.com\/en_US\/wp-json\/wp\/v2\/pages"}],"about":[{"href":"https:\/\/www.nesselhauf.com\/en_US\/wp-json\/wp\/v2\/types\/page"}],"author":[{"embeddable":true,"href":"https:\/\/www.nesselhauf.com\/en_US\/wp-json\/wp\/v2\/users\/1"}],"replies":[{"embeddable":true,"href":"https:\/\/www.nesselhauf.com\/en_US\/wp-json\/wp\/v2\/comments?post=24"}],"version-history":[{"count":14,"href":"https:\/\/www.nesselhauf.com\/en_US\/wp-json\/wp\/v2\/pages\/24\/revisions"}],"predecessor-version":[{"id":566,"href":"https:\/\/www.nesselhauf.com\/en_US\/wp-json\/wp\/v2\/pages\/24\/revisions\/566"}],"wp:attachment":[{"href":"https:\/\/www.nesselhauf.com\/en_US\/wp-json\/wp\/v2\/media?parent=24"}],"curies":[{"name":"wp","href":"https:\/\/api.w.org\/{rel}","templated":true}]}}